{"id":1116,"date":"2013-08-26T15:17:04","date_gmt":"2013-08-26T14:17:04","guid":{"rendered":"http:\/\/www.thomaskeller.biz\/blog\/?page_id=1116"},"modified":"2023-03-31T09:53:03","modified_gmt":"2023-03-31T08:53:03","slug":"what-clients-say","status":"publish","type":"page","link":"https:\/\/www.thomaskeller.biz\/blog\/what-clients-say\/","title":{"rendered":"What clients say"},"content":{"rendered":"<blockquote style=\"font-size: 120%; text-align: justify;\"><p><em style=\"display: block;\">Thomas hat uns durch seine sehr gro\u00dfe Expertise und seinen unglaublichen Enthusiasmus f\u00fcr agile Softwareentwicklung im Projekt enorm nach vorne gebracht. Er hat ma\u00dfgeblich mit seinem Know-How den Aufbau einer CI\/CD-Infrastruktur vorangetrieben und damit daf\u00fcr gesorgt, dass wir unsere Android-App kontinuierlich on demand releasen konnten.<\/em><\/p>\n<p><em>Dank seiner Erfahrung in der Android-Entwicklung und seine Auffassungsgabe konnte er fachliche Themen extrem schnell und in hoher Softwarequalit\u00e4t f\u00fcr uns mit seinem Team umsetzen. Thomas lebt die Techniken des Extreme Programming wie Pair Programming und Code Reviews und hat immer wieder in Hands-on Sessions andere Entwickler gecoacht und nach vorne gebracht. Er war immer zur Stelle, wenn es irgendwo gebrannt hat und sich nie zu schade einem Kollegen zu helfen. Thomas hat sein Team ma\u00dfgeblich vorangebracht und auch \u00fcber sein Team seine Erfahrung eingebracht. Hindernisse wurden von ihm immer offen und ehrlich angesprochen, Feedback nimmt Thomas gerne auf und entwickelt sich dadurch weiter.<\/em><\/p>\n<p><em>Kurzum, Thomas war eine enorme Bereicherung f\u00fcr uns und ich kann ihn uneingeschr\u00e4nkt weiterempfehlen.<\/em><\/p><\/blockquote>\n<p>Dr. Rolf Schneewei\u00df &#8211; Leiter Softwareentwicklung Mobiles Terminal &#8211; <a href=\"https:\/\/www.db-vertrieb.com\/\" target=\"_blank\" rel=\"noopener noreferrer\" data-ss1605293520=\"1\" data-ss1605293568=\"1\" data-ss1605293639=\"1\" data-ss1680252770=\"1\">DB Vertrieb GmbH<\/a><\/p>\n<blockquote style=\"font-size: 120%; text-align: justify;\"><p><em><a href=\"https:\/\/www.xing.com\/profile\/Serdar_Balli4\/\" target=\"_blank\" rel=\"noopener noreferrer\" data-ss1570999835=\"1\" data-ss1570999877=\"1\" data-ss1605292899=\"1\" data-ss1605293520=\"1\" data-ss1605293568=\"1\" data-ss1605293639=\"1\" data-ss1680252770=\"1\"><img loading=\"lazy\" decoding=\"async\" class=\"wp-image-1328  alignleft\" src=\"https:\/\/www.thomaskeller.biz\/blog\/wp-content\/uploads\/2019\/10\/serdar-balli.jpg\" alt=\"Serdar Balli\" width=\"190\" height=\"190\" srcset=\"https:\/\/www.thomaskeller.biz\/blog\/wp-content\/uploads\/2019\/10\/serdar-balli.jpg 400w, https:\/\/www.thomaskeller.biz\/blog\/wp-content\/uploads\/2019\/10\/serdar-balli-150x150.jpg 150w\" sizes=\"auto, (max-width: 190px) 100vw, 190px\" \/><\/a><\/em><\/p>\n<p><em>Thomas got involved very quickly in our project and within a very short time has become one of the main contacts in the Android team. With new ideas, he has significantly contributed to improving our processes in mobile development. The team benefited greatly from his willingness to share his outstanding know-how and substantial experience as a software engineer. We thank him for his commitment and great teamwork.<\/em><\/p><\/blockquote>\n<p>Serdar Balli &#8211; Team Lead Mobile &#8211;\u00a0<a href=\"https:\/\/www.aok-systems.de\" target=\"_blank\" rel=\"noopener noreferrer\" data-ss1570999200=\"1\" data-ss1570999582=\"1\" data-ss1570999708=\"1\" data-ss1570999835=\"1\" data-ss1570999877=\"1\" data-ss1605292899=\"1\" data-ss1605293520=\"1\" data-ss1605293568=\"1\" data-ss1605293639=\"1\" data-ss1680252770=\"1\">AOK Systems GmbH<\/a><\/p>\n<blockquote style=\"font-size: 120%; text-align: justify;\"><p><em>It\u2019s been a pleasure working with Thomas, his expertise and driving attitude helped a lot not only within the Messenger but also with the Android team. He\u2019s passionate and very helpful, always trying to share knowledge even if that requires extra effort. [&#8230;] It was a good experience to me and I hope he also learned something with us.<\/em><\/p>\n<hr \/>\n<p><em>Thomas is a very experienced, highly skilled Android Developer. I learnt very much from him since he is very keen to share his vast knowledge. He loves helping others, he loves conceptualising, designing and discussing before starting with the implementation of a given task. It was a big pleasure working with him!<\/em><\/p>\n<hr \/>\n<p><em>My experience was absolutely positive. I find Thomas professional and responsible engineer that I had a pleasure to work with.<\/em><\/p><\/blockquote>\n<p>Multiple voices from XINGs Messenger Team &#8211; <a href=\"https:\/\/www.xing.com\" target=\"_blank\" rel=\"noopener noreferrer\" data-ss1570999200=\"1\" data-ss1570999582=\"1\" data-ss1570999708=\"1\" data-ss1570999835=\"1\" data-ss1570999877=\"1\" data-ss1605292899=\"1\" data-ss1605293520=\"1\" data-ss1605293568=\"1\" data-ss1605293639=\"1\" data-ss1680252770=\"1\">XING SE<\/a><\/p>\n<blockquote style=\"font-size: 120%; text-align: justify;\"><p><a href=\"https:\/\/www.xing.com\/profile\/Andreas_Schneider377\" target=\"_blank\" rel=\"noopener noreferrer\" data-ss1570999200=\"1\" data-ss1570999582=\"1\" data-ss1570999708=\"1\" data-ss1570999835=\"1\" data-ss1570999877=\"1\" data-ss1605292899=\"1\" data-ss1605293520=\"1\" data-ss1605293568=\"1\" data-ss1605293639=\"1\" data-ss1680252770=\"1\"><img decoding=\"async\" style=\"float: right; margin-left: 15px; margin-top: 3px; margin-bottom: 10px; width: 160px;\" src=\"\/blog\/wp-content\/uploads\/2013\/08\/andreas-schneider-foto.256x256-1.jpg\" alt=\"Andreas Schneider\" \/><\/a><em>Herr Keller \u00fcbernahm in einem Softwareprojekt des Institutes f\u00fcr Angewandte Informatik die Verantwortung f\u00fcr das Setup der Build Pipeline, sowie die Automatisierung des Code-Austausches mit dem Kunden.<br \/>\nDurch seine umfassende Erfahrung in diesen Bereichen konnte dieses Vorhaben in k\u00fcrzester Zeit umgesetzt werden. Auch seine Erfahrungen im Bereich Agile Entwicklung brachte Herr Keller ein, so dass wir Prozesse optimieren konnten.<\/em><\/p><\/blockquote>\n<p>Andreas Schneider &#8211; Teamlead Mobile &#8211; <a href=\"http:\/\/www.infai.org\" target=\"_blank\" rel=\"noopener noreferrer\" data-ss1570999200=\"1\" data-ss1570999582=\"1\" data-ss1570999708=\"1\" data-ss1570999835=\"1\" data-ss1570999877=\"1\" data-ss1605292899=\"1\" data-ss1605293520=\"1\" data-ss1605293568=\"1\" data-ss1605293639=\"1\" data-ss1680252770=\"1\">InfAI GmbH<\/a><\/p>\n<blockquote style=\"font-size: 120%; text-align: justify;\"><p><a href=\"https:\/\/www.xing.com\/profile\/Christian_Walther22&quot;\" target=\"_blank\" rel=\"noopener noreferrer\" data-ss1570999200=\"1\" data-ss1570999582=\"1\" data-ss1570999708=\"1\" data-ss1570999835=\"1\" data-ss1570999877=\"1\" data-ss1605292899=\"1\" data-ss1605293520=\"1\" data-ss1605293568=\"1\" data-ss1605293639=\"1\" data-ss1680252770=\"1\"><img decoding=\"async\" style=\"float: left; margin-right: 15px; margin-top: 3px; margin-bottom: 10px; width: 160px;\" src=\"\/blog\/wp-content\/uploads\/2013\/08\/christian-walther-foto.256x256.jpg\" alt=\"Christian Walther\" \/><\/a><em><br \/>\nThomas unterst\u00fctzte uns beim Relaunch der Video-on-Demand Plattform maxdome auf Android. Dank seiner fundierten Kenntnisse des Betriebssystems arbeitete er sich innerhalb k\u00fcrzester Zeit in komplexe Themengebiete ein. Er hat sich mit dem Produkt intensiv auseinandergesetzt und es mit gro\u00dfem Engagement vorangetrieben. Thomas vereint Professionalit\u00e4t und Herzlichkeit und wurde daher als ein sehr angenehmer und hochgesch\u00e4tzter Arbeitskollege ins Android-Team \u2013 aber auch dar\u00fcber hinaus, bei maxdome \u2013 integriert. Durch seine Seniorit\u00e4t und langj\u00e4hrige Erfahrung behielt er nicht nur stets den \u00dcberblick \u00fcber das Gesamtbild, er war auch f\u00fcr Junior Entwickler ein Mentor und Coach. Auch in stressigen Projektphasen war f\u00fcr Thomas eine hohe Qualit\u00e4t des Produkts und kundenorientiertes Denken selbstverst\u00e4ndlich. Seine Expertise in Test Driven Development ist noch heute eine nachhaltige Bereicherung f\u00fcr das gesamte Team.<br \/>\nDas gesamte Android-Team bedankt sich herzlich bei Thomas f\u00fcr sein Engagement, seinen Teamgeist und seine hervorragende Arbeit!<br \/>\n<\/em><\/p><\/blockquote>\n<p>Christian Walther &#8211; Head of Mobile &#8211; <a href=\"http:\/\/www.maxdome.de\" target=\"_blank\" rel=\"noopener noreferrer\" data-ss1570999200=\"1\" data-ss1570999582=\"1\" data-ss1570999708=\"1\" data-ss1570999835=\"1\" data-ss1570999877=\"1\" data-ss1605292899=\"1\" data-ss1605293520=\"1\" data-ss1605293568=\"1\" data-ss1605293639=\"1\" data-ss1680252770=\"1\">maxdome GmbH \/ ProSiebenSat.1 Media SE<\/a><\/p>\n<blockquote style=\"font-size: 120%; text-align: justify;\"><p><em>Herr Keller \u00fcbernahm als Scrum Master die Verantwortung f\u00fcr zwei Softwareteams in einer Niederlassung der GIP. Mit seiner vielseitigen Erfahrung im agilen Umfeld und in der Entwicklung mit Java war Herr Keller sofort im Thema und f\u00fchrte die Teams schnell zu h\u00f6herer Produktivit\u00e4t. Seinen agilen Spirit hat er vorgelebt und auf die Teams \u00fcbertragen. Dabei gab er vielf\u00e4ltige Anregungen zur Verbesserung der Zusammenarbeit mit der Unternehmenszentrale und zur Skalierung von Scrum im gesamten Unternehmen.<\/em><\/p><\/blockquote>\n<p>Ulf Buchholz &#8211; CEO &#8211; <a href=\"http:\/\/www.gipmbh.de\" target=\"_blank\" rel=\"noopener noreferrer\" data-ss1570999200=\"1\" data-ss1570999582=\"1\" data-ss1570999708=\"1\" data-ss1570999835=\"1\" data-ss1570999877=\"1\" data-ss1605292899=\"1\" data-ss1605293520=\"1\" data-ss1605293568=\"1\" data-ss1605293639=\"1\" data-ss1680252770=\"1\">GIP mbH<\/a><\/p>\n<blockquote style=\"font-size: 120%; text-align: justify;\"><p><a href=\"https:\/\/www.xing.com\/profile\/Tino_Bertram\" target=\"_blank\" rel=\"noopener noreferrer\" data-ss1570999200=\"1\" data-ss1570999582=\"1\" data-ss1570999708=\"1\" data-ss1570999835=\"1\" data-ss1570999877=\"1\" data-ss1605292899=\"1\" data-ss1605293520=\"1\" data-ss1605293568=\"1\" data-ss1605293639=\"1\" data-ss1680252770=\"1\"><img decoding=\"async\" style=\"float: left; margin-right: 10px; margin-top: 10px; margin-bottom: 5px; width: 160px;\" src=\"\/blog\/wp-content\/uploads\/2013\/08\/7f2471cf9.56117233.256x256.jpg\" alt=\"Tino Bertram\" \/><\/a><em>Herr Keller hat sich au\u00dferordentlich schnell in die vielseitigen T\u00e4tigkeiten unseres umfangreichen Projekts eingearbeitet. Er lie\u00df seine hervorragenden Kenntnisse in alle relevanten Gebiete unseres Unternehmens einflie\u00dfen und gelangte dadurch stets zu brillanten L\u00f6sungsstrategien. [&#8230;] Dank seiner au\u00dferordentlich selbst\u00e4ndigen und methodischen Vorgehensweise durchdringt und analysiert Herr Keller auch vielschichtige Sachverhalte rasch und zielsicher, so dass er immer unmittelbar praktikable Probleml\u00f6sungen aufzeigt. Der hohe Standard seiner Arbeit fand jederzeit unsere vollste Anerkennung. [&#8230;] Besonders hervorzuheben ist der Entwurf und die Entwicklung einer mobilen Applikation f\u00fcr unseren Kunden auf h\u00f6chstem technischem Niveau.<\/em><\/p><\/blockquote>\n<p>Tino Bertram &#8211; Development Lead &#8211; <a href=\"http:\/\/www.vispiron.de\/\" target=\"_blank\" rel=\"noopener noreferrer\" data-ss1570999200=\"1\" data-ss1570999582=\"1\" data-ss1570999708=\"1\" data-ss1570999835=\"1\" data-ss1570999877=\"1\" data-ss1605292899=\"1\" data-ss1605293520=\"1\" data-ss1605293568=\"1\" data-ss1605293639=\"1\" data-ss1680252770=\"1\">VISPIRON Carsync GmbH<\/a><\/p>\n<blockquote style=\"font-size: 120%; text-align: justify;\"><p><em>Herr Keller <a href=\"http:\/\/grossweber.com\/b\/thomas-keller-1\" target=\"_blank\" rel=\"noopener noreferrer\" data-ss1570999200=\"1\" data-ss1570999582=\"1\" data-ss1570999708=\"1\" data-ss1570999835=\"1\" data-ss1570999877=\"1\" data-ss1605292899=\"1\" data-ss1605293520=\"1\" data-ss1605293568=\"1\" data-ss1605293639=\"1\" data-ss1680252770=\"1\">l\u00f6st bei unseren Kunden mit seiner Expertise<\/a> in einer sich permanent st\u00e4ndig ver\u00e4ndernden Umgebung wie der Softwareentwicklung nicht nur Probleme, er sorgt mit einem scharfen Verstand und Werkzeugen wie <a href=\"http:\/\/grossweber.com\/b\/thomas-keller-2\" target=\"_blank\" rel=\"noopener noreferrer\" data-ss1570999200=\"1\" data-ss1570999582=\"1\" data-ss1570999708=\"1\" data-ss1570999835=\"1\" data-ss1570999877=\"1\" data-ss1605292899=\"1\" data-ss1605293520=\"1\" data-ss1605293568=\"1\" data-ss1605293639=\"1\" data-ss1680252770=\"1\">Git<\/a> vor allem daf\u00fcr, dass zuk\u00fcnftig erst gar keine mehr entstehen.<\/em><\/p><\/blockquote>\n<p>Torsten Weber &#8211; CEO &#8211; <a href=\"http:\/\/grossweber.com\" target=\"_blank\" rel=\"noopener noreferrer\" data-ss1570999200=\"1\" data-ss1570999582=\"1\" data-ss1570999708=\"1\" data-ss1570999835=\"1\" data-ss1570999877=\"1\" data-ss1605292899=\"1\" data-ss1605293520=\"1\" data-ss1605293568=\"1\" data-ss1605293639=\"1\" data-ss1680252770=\"1\">GROSSWEBER<\/a><\/p>\n<blockquote style=\"font-size: 120%; text-align: justify;\"><p><a href=\"https:\/\/www.xing.com\/profile\/Jonas_Witt2\" target=\"_blank\" rel=\"noopener noreferrer\" data-ss1570999200=\"1\" data-ss1570999582=\"1\" data-ss1570999708=\"1\" data-ss1570999835=\"1\" data-ss1570999877=\"1\" data-ss1605292899=\"1\" data-ss1605293520=\"1\" data-ss1605293568=\"1\" data-ss1605293639=\"1\" data-ss1680252770=\"1\"><img decoding=\"async\" style=\"float: right; margin-left: 10px; margin-top: 5px; margin-bottom: 5px;\" src=\"\/blog\/wp-content\/uploads\/2013\/08\/jonas.witt_.jpg\" alt=\"Jonas Witt\" \/><\/a><em>Having Thomas as a Senior Android Developer on our international development team was simply invaluable. His extensive knowledge of the Android platform meant we could build our new Android app from the ground up with a very solid and maintainable architecture and still deliver fast and high-quality results. His discipline as a developer to always include extensive tests took a lot of load off of me, and his experience from being a member of many Scrum teams helped our entire team to work better and optimize our agile processes.<\/em><\/p><\/blockquote>\n<p>Jonas Witt &#8211; Founder and CTO &#8211; <a href=\"http:\/\/www.metaquark.de\" target=\"_blank\" rel=\"noopener noreferrer\" data-ss1570999200=\"1\" data-ss1570999582=\"1\" data-ss1570999708=\"1\" data-ss1570999835=\"1\" data-ss1570999877=\"1\" data-ss1605292899=\"1\" data-ss1605293520=\"1\" data-ss1605293568=\"1\" data-ss1605293639=\"1\" data-ss1680252770=\"1\">metaquark GmbH<\/a><\/p>\n<blockquote><p><em>Working with Thomas is like having 4 aces on your hand. He combines great software development capabilities with a strong customer focus &#8211; without losing the attention for detail. And no matter what troubles your project may face, he manages to keep his fellows and the project on track. The moovel development was definitely running better having him on board.<\/em><\/p><\/blockquote>\n<p>Michael Prell &#8211; Former Product Owner &#8211; <a href=\"https:\/\/www.moovel.com\" target=\"_blank\" rel=\"noopener noreferrer\" data-ss1570999200=\"1\" data-ss1570999582=\"1\" data-ss1570999708=\"1\" data-ss1570999835=\"1\" data-ss1570999877=\"1\" data-ss1605292899=\"1\" data-ss1605293520=\"1\" data-ss1605293568=\"1\" data-ss1605293639=\"1\" data-ss1680252770=\"1\">Daimler Mobility Services GmbH<\/a><\/p>\n<blockquote style=\"font-size: 120%; text-align: justify;\"><p><a href=\"https:\/\/www.xing.com\/profile\/Dirk_Dombrowski2\" target=\"_blank\" rel=\"noopener noreferrer\" data-ss1570999200=\"1\" data-ss1570999582=\"1\" data-ss1570999708=\"1\" data-ss1570999835=\"1\" data-ss1570999877=\"1\" data-ss1605292899=\"1\" data-ss1605293520=\"1\" data-ss1605293568=\"1\" data-ss1605293639=\"1\" data-ss1680252770=\"1\"><img decoding=\"async\" style=\"float: left; margin-right: 15px; margin-top: 5px; margin-bottom: 5px;\" src=\"\/blog\/wp-content\/uploads\/2013\/08\/dirk.dombrowski.jpg\" alt=\"Dirk Dombrowski\" \/><\/a><em>Working with Thomas Keller is a pleasure for several reasons. Thomas is not only a very friendly and heartily person who is easy going with, but as well a very reliable and self-motivated software engineer. Thomas is not simply driving his given tasks forward, far more: he is developing a whole eco-system of creativity and productiveness around him, that drives the development process in the most efficient way. Even in multi-international working environments Thomas is able to establish the required atmosphere of a SCRUM team. Thomas is not a mere developer, he is the competent driving force within the development team. Without him big parts of moovel would not have been possible.<\/em><\/p><\/blockquote>\n<p>Dirk Dombrowski &#8211; Former Product Owner &#8211; <a href=\"https:\/\/www.moovel.com\" target=\"_blank\" rel=\"noopener noreferrer\" data-ss1570999200=\"1\" data-ss1570999582=\"1\" data-ss1570999708=\"1\" data-ss1570999835=\"1\" data-ss1570999877=\"1\" data-ss1605292899=\"1\" data-ss1605293520=\"1\" data-ss1605293568=\"1\" data-ss1605293639=\"1\" data-ss1680252770=\"1\">Daimler Mobility Services GmbH<\/a><\/p>\n<blockquote style=\"text-align: justify;\"><p><em>Herr Keller war eine gro\u00dfe Bereicherung f\u00fcr uns. Ihm gelang es sowohl konzeptionell die Projektanforderungen auf h\u00f6chsten Niveau zu erarbeiten, als auch eine qualitativ hochwertige Umsetzung im Code zu gew\u00e4hrleisten. \u00a0Seine Erfahrungen im modernen Projektmanagement erlauben ein sehr strukturiertes und zielbasiertes Arbeiten.<\/em><\/p><\/blockquote>\n<p>David Zeidler &#8211; CEO &#8211; <a href=\"https:\/\/www.internet-union.de\" target=\"_blank\" rel=\"noopener noreferrer\" data-ss1570999200=\"1\" data-ss1570999582=\"1\" data-ss1570999708=\"1\" data-ss1570999835=\"1\" data-ss1570999877=\"1\" data-ss1605292899=\"1\" data-ss1605293520=\"1\" data-ss1605293568=\"1\" data-ss1605293639=\"1\" data-ss1680252770=\"1\">Internet Union GmbH<\/a><\/p>\n<blockquote style=\"text-align: justify;\"><p><em>For Scilab, we run one of the biggest instances of Indefero (<a href=\"https:\/\/forge.scilab.org\/\" rel=\"noreferrer\" data-ss1570999200=\"1\" data-ss1570999582=\"1\" data-ss1570999708=\"1\" data-ss1570999835=\"1\" data-ss1570999877=\"1\" data-ss1605292899=\"1\" data-ss1605293520=\"1\" data-ss1605293568=\"1\" data-ss1605293639=\"1\" data-ss1680252770=\"1\">forge.scilab.org<\/a>).<br \/>\nBecause we needed some improvements, we requested support from Thomas to\u00a0implement these changes. He has been able to quickly implement our requirements in a professional and efficient manner.<br \/>\nWe strongly recommend Thomas.<\/em><\/p><\/blockquote>\n<p>Sylvestre Ledru &#8211; Operation Manager &#8211; <a href=\"http:\/\/scilab.io\" target=\"_blank\" rel=\"noopener noreferrer\" data-ss1570999200=\"1\" data-ss1570999582=\"1\" data-ss1570999708=\"1\" data-ss1570999835=\"1\" data-ss1570999877=\"1\" data-ss1605292899=\"1\" data-ss1605293520=\"1\" data-ss1605293568=\"1\" data-ss1605293639=\"1\" data-ss1680252770=\"1\">Scilab Enterprises<\/a><\/p>\n","protected":false},"excerpt":{"rendered":"<p>Thomas hat uns durch seine sehr gro\u00dfe Expertise und seinen unglaublichen Enthusiasmus f\u00fcr agile Softwareentwicklung im Projekt enorm nach vorne gebracht. Er hat ma\u00dfgeblich mit seinem Know-How den Aufbau einer CI\/CD-Infrastruktur vorangetrieben und damit daf\u00fcr gesorgt, dass wir unsere Android-App kontinuierlich on demand releasen konnten. Dank seiner Erfahrung in der Android-Entwicklung und seine Auffassungsgabe konnte &hellip; <a href=\"https:\/\/www.thomaskeller.biz\/blog\/what-clients-say\/\" class=\"more-link\">Continue reading <span class=\"screen-reader-text\">What clients say<\/span><\/a><\/p>\n","protected":false},"author":1,"featured_media":0,"parent":0,"menu_order":1,"comment_status":"open","ping_status":"open","template":"","meta":{"footnotes":""},"class_list":["post-1116","page","type-page","status-publish","hentry"],"_links":{"self":[{"href":"https:\/\/www.thomaskeller.biz\/blog\/wp-json\/wp\/v2\/pages\/1116","targetHints":{"allow":["GET"]}}],"collection":[{"href":"https:\/\/www.thomaskeller.biz\/blog\/wp-json\/wp\/v2\/pages"}],"about":[{"href":"https:\/\/www.thomaskeller.biz\/blog\/wp-json\/wp\/v2\/types\/page"}],"author":[{"embeddable":true,"href":"https:\/\/www.thomaskeller.biz\/blog\/wp-json\/wp\/v2\/users\/1"}],"replies":[{"embeddable":true,"href":"https:\/\/www.thomaskeller.biz\/blog\/wp-json\/wp\/v2\/comments?post=1116"}],"version-history":[{"count":100,"href":"https:\/\/www.thomaskeller.biz\/blog\/wp-json\/wp\/v2\/pages\/1116\/revisions"}],"predecessor-version":[{"id":1434,"href":"https:\/\/www.thomaskeller.biz\/blog\/wp-json\/wp\/v2\/pages\/1116\/revisions\/1434"}],"wp:attachment":[{"href":"https:\/\/www.thomaskeller.biz\/blog\/wp-json\/wp\/v2\/media?parent=1116"}],"curies":[{"name":"wp","href":"https:\/\/api.w.org\/{rel}","templated":true}]}}